{"id":1252,"date":"2025-06-24T15:37:26","date_gmt":"2025-06-24T13:37:26","guid":{"rendered":"https:\/\/rrunning.tribalt.agency\/?post_type=product&#038;p=1252"},"modified":"2025-06-24T15:38:45","modified_gmt":"2025-06-24T13:38:45","slug":"momemtum-rose","status":"publish","type":"product","link":"https:\/\/rrunning.tribalt.agency\/?product=momemtum-rose","title":{"rendered":"MOMEMTUM ROSE"},"content":{"rendered":"<p><strong>Soutien-gorge de sport, Maintien extr\u00eame<\/strong><br \/>\nBONNET B\/C\/D<\/p>\n<p>Notre best-seller dans la cat\u00e9gorie des soutiens-gorge de sport au maintien extr\u00eame. Ses fonctionnalit\u00e9s hors pair et son design en ont fait un laur\u00e9at au prestigieux prix du ''Red Dot Award''. Les bonnets pr\u00e9moul\u00e9s et sans couture garantissent, jusque dansles grandes tailles un excellent maintien. L'effet brillant de la mati\u00e8re high-tech et contribue \u00e0 vous apporter \u00e9nergie et motivation. Le soutien-gorge qui se fait oublier et qui vous accompagne dans vos performances sportives.<\/p>\n","protected":false},"excerpt":{"rendered":"<p>Soutien-gorge de sport, Maintien extr\u00eame BONNET B\/C\/D Notre best-seller dans la cat\u00e9gorie des soutiens-gorge de sport au maintien extr\u00eame. Ses fonctionnalit\u00e9s hors pair et son design en ont fait un laur\u00e9at au prestigieux prix du ''Red Dot Award''. Les bonnets pr\u00e9moul\u00e9s et sans couture garantissent, jusque dansles grandes tailles un excellent maintien. L'effet brillant de [&hellip;]<\/p>\n","protected":false},"featured_media":1253,"template":"","meta":[],"pwb-brand":[89],"product_brand":[],"product_cat":[150],"product_tag":[],"class_list":{"0":"post-1252","1":"product","2":"type-product","3":"status-publish","4":"has-post-thumbnail","6":"pwb-brand-anita","7":"product_cat-sous-vetements","9":"first","10":"instock","11":"shipping-taxable","12":"purchasable","13":"product-type-simple"},"brands":[{"id":89,"name":"ANITA","slug":"anita"}],"_links":{"self":[{"href":"https:\/\/rrunning.tribalt.agency\/index.php?rest_route=\/wp\/v2\/product\/1252","targetHints":{"allow":["GET"]}}],"collection":[{"href":"https:\/\/rrunning.tribalt.agency\/index.php?rest_route=\/wp\/v2\/product"}],"about":[{"href":"https:\/\/rrunning.tribalt.agency\/index.php?rest_route=\/wp\/v2\/types\/product"}],"wp:featuredmedia":[{"embeddable":true,"href":"https:\/\/rrunning.tribalt.agency\/index.php?rest_route=\/wp\/v2\/media\/1253"}],"wp:attachment":[{"href":"https:\/\/rrunning.tribalt.agency\/index.php?rest_route=%2Fwp%2Fv2%2Fmedia&parent=1252"}],"wp:term":[{"taxonomy":"pwb-brand","embeddable":true,"href":"https:\/\/rrunning.tribalt.agency\/index.php?rest_route=%2Fwp%2Fv2%2Fpwb-brand&post=1252"},{"taxonomy":"product_brand","embeddable":true,"href":"https:\/\/rrunning.tribalt.agency\/index.php?rest_route=%2Fwp%2Fv2%2Fproduct_brand&post=1252"},{"taxonomy":"product_cat","embeddable":true,"href":"https:\/\/rrunning.tribalt.agency\/index.php?rest_route=%2Fwp%2Fv2%2Fproduct_cat&post=1252"},{"taxonomy":"product_tag","embeddable":true,"href":"https:\/\/rrunning.tribalt.agency\/index.php?rest_route=%2Fwp%2Fv2%2Fproduct_tag&post=1252"}],"curies":[{"name":"wp","href":"https:\/\/api.w.org\/{rel}","templated":true}]}}