{"id":1233,"date":"2025-06-24T15:29:09","date_gmt":"2025-06-24T13:29:09","guid":{"rendered":"https:\/\/rrunning.tribalt.agency\/?post_type=product&#038;p=1233"},"modified":"2025-06-24T15:31:07","modified_gmt":"2025-06-24T13:31:07","slug":"dynamix-star-noir-anthracite","status":"publish","type":"product","link":"https:\/\/rrunning.tribalt.agency\/?product=dynamix-star-noir-anthracite","title":{"rendered":"DYNAMIX STAR NOIR\/ANTHRACITE"},"content":{"rendered":"<p><strong>Soutien-gorge de sport dos nageur, Maintien extr\u00eame<\/strong><br \/>\nBONNET B\/C\/D\/E\/F\/G<\/p>\n<p>Une r\u00e9elle innovation et nouveaut\u00e9, ce soutien-gorge de sport a \u00e9t\u00e9 prim\u00e9 par le prestigieux ''Red Dot Award''. Ce syst\u00e8me de bretelles d\u00e9velopp\u00e9 en exclusivit\u00e9 par Anita permet un habillage et d\u00e9shabilage facilit\u00e9 ''Easy On &amp; Off'' associ\u00e9 \u00e0 une large ouverture dans le dos et des bretelles positionn\u00e9es sur le milieu des \u00e9paules et r\u00e9glables sur l'avant offre un confort absolu. Les bonnets sont moul\u00e9s sans couture, le filet du X-back est respirant et fournit un maintien compl\u00e9mentaire. Un conc<\/p>\n","protected":false},"excerpt":{"rendered":"<p>Soutien-gorge de sport dos nageur, Maintien extr\u00eame BONNET B\/C\/D\/E\/F\/G Une r\u00e9elle innovation et nouveaut\u00e9, ce soutien-gorge de sport a \u00e9t\u00e9 prim\u00e9 par le prestigieux ''Red Dot Award''. Ce syst\u00e8me de bretelles d\u00e9velopp\u00e9 en exclusivit\u00e9 par Anita permet un habillage et d\u00e9shabilage facilit\u00e9 ''Easy On &amp; Off'' associ\u00e9 \u00e0 une large ouverture dans le dos et [&hellip;]<\/p>\n","protected":false},"featured_media":1238,"template":"","meta":[],"pwb-brand":[89],"product_brand":[],"product_cat":[150,44],"product_tag":[],"class_list":{"0":"post-1233","1":"product","2":"type-product","3":"status-publish","4":"has-post-thumbnail","6":"pwb-brand-anita","7":"product_cat-sous-vetements","8":"product_cat-textile-femme","10":"first","11":"instock","12":"shipping-taxable","13":"purchasable","14":"product-type-simple"},"brands":[{"id":89,"name":"ANITA","slug":"anita"}],"_links":{"self":[{"href":"https:\/\/rrunning.tribalt.agency\/index.php?rest_route=\/wp\/v2\/product\/1233","targetHints":{"allow":["GET"]}}],"collection":[{"href":"https:\/\/rrunning.tribalt.agency\/index.php?rest_route=\/wp\/v2\/product"}],"about":[{"href":"https:\/\/rrunning.tribalt.agency\/index.php?rest_route=\/wp\/v2\/types\/product"}],"wp:featuredmedia":[{"embeddable":true,"href":"https:\/\/rrunning.tribalt.agency\/index.php?rest_route=\/wp\/v2\/media\/1238"}],"wp:attachment":[{"href":"https:\/\/rrunning.tribalt.agency\/index.php?rest_route=%2Fwp%2Fv2%2Fmedia&parent=1233"}],"wp:term":[{"taxonomy":"pwb-brand","embeddable":true,"href":"https:\/\/rrunning.tribalt.agency\/index.php?rest_route=%2Fwp%2Fv2%2Fpwb-brand&post=1233"},{"taxonomy":"product_brand","embeddable":true,"href":"https:\/\/rrunning.tribalt.agency\/index.php?rest_route=%2Fwp%2Fv2%2Fproduct_brand&post=1233"},{"taxonomy":"product_cat","embeddable":true,"href":"https:\/\/rrunning.tribalt.agency\/index.php?rest_route=%2Fwp%2Fv2%2Fproduct_cat&post=1233"},{"taxonomy":"product_tag","embeddable":true,"href":"https:\/\/rrunning.tribalt.agency\/index.php?rest_route=%2Fwp%2Fv2%2Fproduct_tag&post=1233"}],"curies":[{"name":"wp","href":"https:\/\/api.w.org\/{rel}","templated":true}]}}