{"id":764,"date":"2025-04-16T15:44:16","date_gmt":"2025-04-16T13:44:16","guid":{"rendered":"https:\/\/rrunning.tribalt.agency\/?page_id=764"},"modified":"2025-10-17T18:28:51","modified_gmt":"2025-10-17T16:28:51","slug":"locations","status":"publish","type":"page","link":"https:\/\/rrunning.tribalt.agency\/?page_id=764","title":{"rendered":"Locations"},"content":{"rendered":"\t\t<div data-elementor-type=\"wp-page\" data-elementor-id=\"764\" class=\"elementor elementor-764\" data-elementor-post-type=\"page\">\n\t\t\t\t<div class=\"elementor-element elementor-element-3edd8fa e-flex e-con-boxed e-con e-parent\" data-id=\"3edd8fa\" data-element_type=\"container\">\n\t\t\t\t\t<div class=\"e-con-inner\">\n\t\t\t\t<div class=\"elementor-element elementor-element-31dd565 elementor-widget elementor-widget-text-editor\" data-id=\"31dd565\" data-element_type=\"widget\" data-widget_type=\"text-editor.default\">\n\t\t\t\t\t\t\t\t\t<p><strong>Tarifs :<\/strong><br \/>Journ\u00e9e compl\u00e8te : 35\u20ac<br \/>Demi-journ\u00e9e : 25\u20ac<\/p><p><strong>Conditions de location :<\/strong><br \/>Pr\u00e9sentation d\u2019une pi\u00e8ce d\u2019identit\u00e9 valide<br \/>Ch\u00e8que de caution de 1500\u20ac<\/p>\t\t\t\t\t\t\t\t<\/div>\n\t\t\t\t\t<\/div>\n\t\t\t\t<\/div>\n\t\t<div class=\"elementor-element elementor-element-1b68015 e-flex e-con-boxed e-con e-parent\" data-id=\"1b68015\" data-element_type=\"container\">\n\t\t\t\t\t<div class=\"e-con-inner\">\n\t\t<div class=\"elementor-element elementor-element-5039d51 e-con-full e-flex e-con e-child\" data-id=\"5039d51\" data-element_type=\"container\">\n\t\t\t\t<div class=\"elementor-element elementor-element-81009b8 elementor-widget elementor-widget-image\" data-id=\"81009b8\" data-element_type=\"widget\" data-widget_type=\"image.default\">\n\t\t\t\t\t\t\t\t\t\t\t\t\t\t\t<img fetchpriority=\"high\" decoding=\"async\" width=\"450\" height=\"600\" src=\"https:\/\/rrunning.tribalt.agency\/wp-content\/uploads\/2025\/10\/VTT-Rockmachine-2.png\" class=\"attachment-large size-large wp-image-4315\" alt=\"\" srcset=\"https:\/\/rrunning.tribalt.agency\/wp-content\/uploads\/2025\/10\/VTT-Rockmachine-2.png 450w, https:\/\/rrunning.tribalt.agency\/wp-content\/uploads\/2025\/10\/VTT-Rockmachine-2-225x300.png 225w\" sizes=\"(max-width: 450px) 100vw, 450px\" \/>\t\t\t\t\t\t\t\t\t\t\t\t\t\t\t<\/div>\n\t\t\t\t<\/div>\n\t\t<div class=\"elementor-element elementor-element-163d10b e-con-full e-flex e-con e-child\" data-id=\"163d10b\" data-element_type=\"container\">\n\t\t\t\t<div class=\"elementor-element elementor-element-dbbdc3e elementor-widget elementor-widget-text-editor\" data-id=\"dbbdc3e\" data-element_type=\"widget\" data-widget_type=\"text-editor.default\">\n\t\t\t\t\t\t\t\t\t<p><strong>VTT ROCKMACHINE Taille M<\/strong><\/p><div class=\"vrilistitemdescr\"><p>Il vous permettra de profiter de longues journ\u00e9es \u00e0 v\u00e9lo, de parcourir plus de kilom\u00e8tres et de gagner plus de d\u00e9nivel\u00e9. Le Megamo Kansas est \u00e9quip\u00e9 d'un moteur situ\u00e9 sur l'axe central, centrant ainsi le poids du v\u00e9lo, augmentant ainsi sa stabilit\u00e9 et sa maniabilit\u00e9, pour une conduite beaucoup plus naturelle.<\/p><\/div>\t\t\t\t\t\t\t\t<\/div>\n\t\t\t\t<div class=\"elementor-element elementor-element-9737b93 elementor-widget elementor-widget-button\" data-id=\"9737b93\" data-element_type=\"widget\" data-widget_type=\"button.default\">\n\t\t\t\t\t\t\t\t\t\t<a class=\"elementor-button elementor-button-link elementor-size-sm\" href=\"https:\/\/rrunning.tribalt.agency\/?page_id=4320\">\n\t\t\t\t\t\t<span class=\"elementor-button-content-wrapper\">\n\t\t\t\t\t\t\t\t\t<span class=\"elementor-button-text\">R\u00e9server<\/span>\n\t\t\t\t\t<\/span>\n\t\t\t\t\t<\/a>\n\t\t\t\t\t\t\t\t<\/div>\n\t\t\t\t<\/div>\n\t\t\t\t\t<\/div>\n\t\t\t\t<\/div>\n\t\t<div class=\"elementor-element elementor-element-554dfd0 e-flex e-con-boxed e-con e-parent\" data-id=\"554dfd0\" data-element_type=\"container\">\n\t\t\t\t\t<div class=\"e-con-inner\">\n\t\t<div class=\"elementor-element elementor-element-f2e8765 e-con-full e-flex e-con e-child\" data-id=\"f2e8765\" data-element_type=\"container\">\n\t\t\t\t<div class=\"elementor-element elementor-element-cf8cc2d elementor-widget elementor-widget-image\" data-id=\"cf8cc2d\" data-element_type=\"widget\" data-widget_type=\"image.default\">\n\t\t\t\t\t\t\t\t\t\t\t\t\t\t\t<img decoding=\"async\" width=\"450\" height=\"600\" src=\"https:\/\/rrunning.tribalt.agency\/wp-content\/uploads\/2025\/10\/Gravel-electrique-Megamo.png\" class=\"attachment-large size-large wp-image-4329\" alt=\"\" srcset=\"https:\/\/rrunning.tribalt.agency\/wp-content\/uploads\/2025\/10\/Gravel-electrique-Megamo.png 450w, https:\/\/rrunning.tribalt.agency\/wp-content\/uploads\/2025\/10\/Gravel-electrique-Megamo-225x300.png 225w\" sizes=\"(max-width: 450px) 100vw, 450px\" \/>\t\t\t\t\t\t\t\t\t\t\t\t\t\t\t<\/div>\n\t\t\t\t<\/div>\n\t\t<div class=\"elementor-element elementor-element-96280f5 e-con-full e-flex e-con e-child\" data-id=\"96280f5\" data-element_type=\"container\">\n\t\t\t\t<div class=\"elementor-element elementor-element-ab3a03e elementor-widget elementor-widget-text-editor\" data-id=\"ab3a03e\" data-element_type=\"widget\" data-widget_type=\"text-editor.default\">\n\t\t\t\t\t\t\t\t\t<p><strong>Gravel \u00e9lectrique MEGAMO Taille M<\/strong><\/p><div class=\"vrilistitemdescr\"><p>Il vous permettra de profiter de longues journ\u00e9es \u00e0 v\u00e9lo, de parcourir plus de kilom\u00e8tres et de gagner plus de d\u00e9nivel\u00e9. Le Megamo est \u00e9quip\u00e9 d'un moteur situ\u00e9 sur l'axe central, centrant ainsi le poids du v\u00e9lo, augmentant ainsi sa stabilit\u00e9 et sa maniabilit\u00e9, pour une conduite beaucoup plus naturelle.<\/p><\/div>\t\t\t\t\t\t\t\t<\/div>\n\t\t\t\t<div class=\"elementor-element elementor-element-e5fad1b elementor-widget elementor-widget-button\" data-id=\"e5fad1b\" data-element_type=\"widget\" data-widget_type=\"button.default\">\n\t\t\t\t\t\t\t\t\t\t<a class=\"elementor-button elementor-button-link elementor-size-sm\" href=\"https:\/\/rrunning.tribalt.agency\/?page_id=4330#bklnk7\">\n\t\t\t\t\t\t<span class=\"elementor-button-content-wrapper\">\n\t\t\t\t\t\t\t\t\t<span class=\"elementor-button-text\">R\u00e9server<\/span>\n\t\t\t\t\t<\/span>\n\t\t\t\t\t<\/a>\n\t\t\t\t\t\t\t\t<\/div>\n\t\t\t\t<\/div>\n\t\t\t\t\t<\/div>\n\t\t\t\t<\/div>\n\t\t<div class=\"elementor-element elementor-element-29107dd e-flex e-con-boxed e-con e-parent\" data-id=\"29107dd\" data-element_type=\"container\">\n\t\t\t\t\t<div class=\"e-con-inner\">\n\t\t<div class=\"elementor-element elementor-element-1636ff8 e-con-full e-flex e-con e-child\" data-id=\"1636ff8\" data-element_type=\"container\">\n\t\t\t\t<div class=\"elementor-element elementor-element-a0c6453 elementor-widget elementor-widget-image\" data-id=\"a0c6453\" data-element_type=\"widget\" data-widget_type=\"image.default\">\n\t\t\t\t\t\t\t\t\t\t\t\t\t\t\t<img decoding=\"async\" width=\"450\" height=\"600\" src=\"https:\/\/rrunning.tribalt.agency\/wp-content\/uploads\/2025\/10\/Velo-route-electrique-Megamo.png\" class=\"attachment-large size-large wp-image-4334\" alt=\"\" srcset=\"https:\/\/rrunning.tribalt.agency\/wp-content\/uploads\/2025\/10\/Velo-route-electrique-Megamo.png 450w, https:\/\/rrunning.tribalt.agency\/wp-content\/uploads\/2025\/10\/Velo-route-electrique-Megamo-225x300.png 225w\" sizes=\"(max-width: 450px) 100vw, 450px\" \/>\t\t\t\t\t\t\t\t\t\t\t\t\t\t\t<\/div>\n\t\t\t\t<\/div>\n\t\t<div class=\"elementor-element elementor-element-e563faa e-con-full e-flex e-con e-child\" data-id=\"e563faa\" data-element_type=\"container\">\n\t\t\t\t<div class=\"elementor-element elementor-element-e1d03d4 elementor-widget elementor-widget-text-editor\" data-id=\"e1d03d4\" data-element_type=\"widget\" data-widget_type=\"text-editor.default\">\n\t\t\t\t\t\t\t\t\t<p><strong>Route \u00e9lectrique MEGAMO Taille M<\/strong><\/p><div class=\"vrilistitemdescr\"><p>Le Megamo est un v\u00e9lo de route \u00e9lectrique con\u00e7u pour offrir une assistance fluide et naturelle lors de vos trajets.Id\u00e9al pour les cyclistes recherchant une aide suppl\u00e9mentaire sans compromettre l'effort personnel.<\/p><\/div>\t\t\t\t\t\t\t\t<\/div>\n\t\t\t\t<div class=\"elementor-element elementor-element-60719ac elementor-widget elementor-widget-button\" data-id=\"60719ac\" data-element_type=\"widget\" data-widget_type=\"button.default\">\n\t\t\t\t\t\t\t\t\t\t<a class=\"elementor-button elementor-button-link elementor-size-sm\" href=\"https:\/\/rrunning.tribalt.agency\/?page_id=4335#bklnk6\">\n\t\t\t\t\t\t<span class=\"elementor-button-content-wrapper\">\n\t\t\t\t\t\t\t\t\t<span class=\"elementor-button-text\">R\u00e9server<\/span>\n\t\t\t\t\t<\/span>\n\t\t\t\t\t<\/a>\n\t\t\t\t\t\t\t\t<\/div>\n\t\t\t\t<\/div>\n\t\t\t\t\t<\/div>\n\t\t\t\t<\/div>\n\t\t<div class=\"elementor-element elementor-element-13881f5 e-flex e-con-boxed e-con e-parent\" data-id=\"13881f5\" data-element_type=\"container\">\n\t\t\t\t\t<div class=\"e-con-inner\">\n\t\t<div class=\"elementor-element elementor-element-9a3ff15 e-con-full e-flex e-con e-child\" data-id=\"9a3ff15\" data-element_type=\"container\">\n\t\t\t\t<div class=\"elementor-element elementor-element-a5f1d05 elementor-widget elementor-widget-image\" data-id=\"a5f1d05\" data-element_type=\"widget\" data-widget_type=\"image.default\">\n\t\t\t\t\t\t\t\t\t\t\t\t\t\t\t<img loading=\"lazy\" decoding=\"async\" width=\"450\" height=\"600\" src=\"https:\/\/rrunning.tribalt.agency\/wp-content\/uploads\/2025\/10\/VTC-LAPIERRE-Taille-M-L.png\" class=\"attachment-large size-large wp-image-4336\" alt=\"\" srcset=\"https:\/\/rrunning.tribalt.agency\/wp-content\/uploads\/2025\/10\/VTC-LAPIERRE-Taille-M-L.png 450w, https:\/\/rrunning.tribalt.agency\/wp-content\/uploads\/2025\/10\/VTC-LAPIERRE-Taille-M-L-225x300.png 225w\" sizes=\"(max-width: 450px) 100vw, 450px\" \/>\t\t\t\t\t\t\t\t\t\t\t\t\t\t\t<\/div>\n\t\t\t\t<\/div>\n\t\t<div class=\"elementor-element elementor-element-08e6026 e-con-full e-flex e-con e-child\" data-id=\"08e6026\" data-element_type=\"container\">\n\t\t\t\t<div class=\"elementor-element elementor-element-325eed3 elementor-widget elementor-widget-text-editor\" data-id=\"325eed3\" data-element_type=\"widget\" data-widget_type=\"text-editor.default\">\n\t\t\t\t\t\t\t\t\t<p><strong><span style=\"font-size: 10.5pt; font-family: 'ITC Avant Garde',sans-serif; color: #3a3a3a;\">VTC LAPIERRE Taille M\/L<\/span><\/strong><\/p><div class=\"vrilistitemdescr\"><p>Les VTC Lapierre sont con\u00e7us pour offrir une conduite confortable et stable sur une vari\u00e9t\u00e9 de terrains. Avec un cadre en aluminium l\u00e9ger, ces v\u00e9los assurent une absorption efficace des chocs et une bonne adh\u00e9rence, id\u00e9als pour les balades en ville ou les escapades sur chemins.<\/p><\/div>\t\t\t\t\t\t\t\t<\/div>\n\t\t\t\t<div class=\"elementor-element elementor-element-7c58ba8 elementor-widget elementor-widget-button\" data-id=\"7c58ba8\" data-element_type=\"widget\" data-widget_type=\"button.default\">\n\t\t\t\t\t\t\t\t\t\t<a class=\"elementor-button elementor-button-link elementor-size-sm\" href=\"https:\/\/rrunning.tribalt.agency\/?page_id=4337#bklnk2\">\n\t\t\t\t\t\t<span class=\"elementor-button-content-wrapper\">\n\t\t\t\t\t\t\t\t\t<span class=\"elementor-button-text\">R\u00e9server<\/span>\n\t\t\t\t\t<\/span>\n\t\t\t\t\t<\/a>\n\t\t\t\t\t\t\t\t<\/div>\n\t\t\t\t<\/div>\n\t\t\t\t\t<\/div>\n\t\t\t\t<\/div>\n\t\t<div class=\"elementor-element elementor-element-566347f e-flex e-con-boxed e-con e-parent\" data-id=\"566347f\" data-element_type=\"container\">\n\t\t\t\t\t<div class=\"e-con-inner\">\n\t\t<div class=\"elementor-element elementor-element-c3c3f15 e-con-full e-flex e-con e-child\" data-id=\"c3c3f15\" data-element_type=\"container\">\n\t\t\t\t<div class=\"elementor-element elementor-element-c62614a elementor-widget elementor-widget-image\" data-id=\"c62614a\" data-element_type=\"widget\" data-widget_type=\"image.default\">\n\t\t\t\t\t\t\t\t\t\t\t\t\t\t\t<img loading=\"lazy\" decoding=\"async\" width=\"300\" height=\"400\" src=\"https:\/\/rrunning.tribalt.agency\/wp-content\/uploads\/2025\/10\/VTC-LAPIERRE-Taille-S-M.png\" class=\"attachment-large size-large wp-image-4341\" alt=\"\" srcset=\"https:\/\/rrunning.tribalt.agency\/wp-content\/uploads\/2025\/10\/VTC-LAPIERRE-Taille-S-M.png 300w, https:\/\/rrunning.tribalt.agency\/wp-content\/uploads\/2025\/10\/VTC-LAPIERRE-Taille-S-M-225x300.png 225w\" sizes=\"(max-width: 300px) 100vw, 300px\" \/>\t\t\t\t\t\t\t\t\t\t\t\t\t\t\t<\/div>\n\t\t\t\t<\/div>\n\t\t<div class=\"elementor-element elementor-element-6658bec e-con-full e-flex e-con e-child\" data-id=\"6658bec\" data-element_type=\"container\">\n\t\t\t\t<div class=\"elementor-element elementor-element-35738d2 elementor-widget elementor-widget-text-editor\" data-id=\"35738d2\" data-element_type=\"widget\" data-widget_type=\"text-editor.default\">\n\t\t\t\t\t\t\t\t\t<p><strong>VTC LAPIERRE Taille S\/M<\/strong><\/p><div class=\"vrilistitemdescr\"><p>Les VTC Lapierre sont con\u00e7us pour offrir une conduite confortable et stable sur une vari\u00e9t\u00e9 de terrains. Avec un cadre en aluminium l\u00e9ger, ces v\u00e9los assurent une absorption efficace des chocs et une bonne adh\u00e9rence, id\u00e9als pour les balades en ville ou les escapades sur chemins.<\/p><\/div>\t\t\t\t\t\t\t\t<\/div>\n\t\t\t\t<div class=\"elementor-element elementor-element-455f182 elementor-widget elementor-widget-button\" data-id=\"455f182\" data-element_type=\"widget\" data-widget_type=\"button.default\">\n\t\t\t\t\t\t\t\t\t\t<a class=\"elementor-button elementor-button-link elementor-size-sm\" href=\"https:\/\/rrunning.tribalt.agency\/?page_id=4342#bklnk5\">\n\t\t\t\t\t\t<span class=\"elementor-button-content-wrapper\">\n\t\t\t\t\t\t\t\t\t<span class=\"elementor-button-text\">R\u00e9server<\/span>\n\t\t\t\t\t<\/span>\n\t\t\t\t\t<\/a>\n\t\t\t\t\t\t\t\t<\/div>\n\t\t\t\t<\/div>\n\t\t\t\t\t<\/div>\n\t\t\t\t<\/div>\n\t\t\t\t<\/div>\n\t\t","protected":false},"excerpt":{"rendered":"<p>Tarifs :Journ\u00e9e compl\u00e8te : 35\u20acDemi-journ\u00e9e : 25\u20ac Conditions de location :Pr\u00e9sentation d\u2019une pi\u00e8ce d\u2019identit\u00e9 valideCh\u00e8que de caution de 1500\u20ac VTT ROCKMACHINE Taille M Il vous permettra de profiter de longues journ\u00e9es \u00e0 v\u00e9lo, de parcourir plus de kilom\u00e8tres et de gagner plus de d\u00e9nivel\u00e9. Le Megamo Kansas est \u00e9quip\u00e9 d'un moteur situ\u00e9 sur l'axe central, [&hellip;]<\/p>\n","protected":false},"author":1,"featured_media":0,"parent":0,"menu_order":0,"comment_status":"closed","ping_status":"closed","template":"","meta":{"footnotes":""},"class_list":["post-764","page","type-page","status-publish","hentry"],"_links":{"self":[{"href":"https:\/\/rrunning.tribalt.agency\/index.php?rest_route=\/wp\/v2\/pages\/764","targetHints":{"allow":["GET"]}}],"collection":[{"href":"https:\/\/rrunning.tribalt.agency\/index.php?rest_route=\/wp\/v2\/pages"}],"about":[{"href":"https:\/\/rrunning.tribalt.agency\/index.php?rest_route=\/wp\/v2\/types\/page"}],"author":[{"embeddable":true,"href":"https:\/\/rrunning.tribalt.agency\/index.php?rest_route=\/wp\/v2\/users\/1"}],"replies":[{"embeddable":true,"href":"https:\/\/rrunning.tribalt.agency\/index.php?rest_route=%2Fwp%2Fv2%2Fcomments&post=764"}],"version-history":[{"count":31,"href":"https:\/\/rrunning.tribalt.agency\/index.php?rest_route=\/wp\/v2\/pages\/764\/revisions"}],"predecessor-version":[{"id":4345,"href":"https:\/\/rrunning.tribalt.agency\/index.php?rest_route=\/wp\/v2\/pages\/764\/revisions\/4345"}],"wp:attachment":[{"href":"https:\/\/rrunning.tribalt.agency\/index.php?rest_route=%2Fwp%2Fv2%2Fmedia&parent=764"}],"curies":[{"name":"wp","href":"https:\/\/api.w.org\/{rel}","templated":true}]}}