{"id":1144,"date":"2025-06-08T12:01:00","date_gmt":"2025-06-08T10:01:00","guid":{"rendered":"https:\/\/rrunning.tribalt.agency\/?page_id=1144"},"modified":"2025-06-08T12:06:07","modified_gmt":"2025-06-08T10:06:07","slug":"nos-produits","status":"publish","type":"page","link":"https:\/\/rrunning.tribalt.agency\/?page_id=1144","title":{"rendered":"Nos produits"},"content":{"rendered":"\t\t<div data-elementor-type=\"wp-page\" data-elementor-id=\"1144\" class=\"elementor elementor-1144\" data-elementor-post-type=\"page\">\n\t\t\t\t<div class=\"elementor-element elementor-element-4acbb59 e-flex e-con-boxed e-con e-parent\" data-id=\"4acbb59\" data-element_type=\"container\">\n\t\t\t\t\t<div class=\"e-con-inner\">\n\t\t\t\t<div class=\"elementor-element elementor-element-8e1662c elementor-product-loop-item--align-center elementor-grid-4 elementor-grid-tablet-3 elementor-grid-mobile-2 elementor-products-grid elementor-wc-products elementor-widget elementor-widget-wc-categories\" data-id=\"8e1662c\" data-element_type=\"widget\" data-widget_type=\"wc-categories.default\">\n\t\t\t\t\t<div class=\"woocommerce columns-4\"><ul class=\"products elementor-grid columns-4\">\n<li class=\"product-category product first\">\n\t<a aria-label=\"Acc\u00e9der \u00e0 la cat\u00e9gorie de produits V\u00e9lo\" href=\"https:\/\/rrunning.tribalt.agency\/?product_cat=velo\"><img fetchpriority=\"high\" decoding=\"async\" src=\"https:\/\/rrunning.tribalt.agency\/wp-content\/uploads\/woocommerce-placeholder.png\" alt=\"V\u00e9lo\" width=\"300\" height=\"300\" \/>\t\t<h2 class=\"woocommerce-loop-category__title\">\n\t\t\tV\u00e9lo <mark class=\"count\">(110)<\/mark>\t\t<\/h2>\n\t\t<\/a><\/li>\n<li class=\"product-category product\">\n\t<a aria-label=\"Acc\u00e9der \u00e0 la cat\u00e9gorie de produits Triathlon\" href=\"https:\/\/rrunning.tribalt.agency\/?product_cat=triathlon\"><img decoding=\"async\" src=\"https:\/\/rrunning.tribalt.agency\/wp-content\/uploads\/woocommerce-placeholder.png\" alt=\"Triathlon\" width=\"300\" height=\"300\" \/>\t\t<h2 class=\"woocommerce-loop-category__title\">\n\t\t\tTriathlon <mark class=\"count\">(32)<\/mark>\t\t<\/h2>\n\t\t<\/a><\/li>\n<li class=\"product-category product\">\n\t<a aria-label=\"Acc\u00e9der \u00e0 la cat\u00e9gorie de produits Running\" href=\"https:\/\/rrunning.tribalt.agency\/?product_cat=running\"><img decoding=\"async\" src=\"https:\/\/rrunning.tribalt.agency\/wp-content\/uploads\/woocommerce-placeholder.png\" alt=\"Running\" width=\"300\" height=\"300\" \/>\t\t<h2 class=\"woocommerce-loop-category__title\">\n\t\t\tRunning <mark class=\"count\">(447)<\/mark>\t\t<\/h2>\n\t\t<\/a><\/li>\n<li class=\"product-category product last\">\n\t<a aria-label=\"Acc\u00e9der \u00e0 la cat\u00e9gorie de produits Nutrition\" href=\"https:\/\/rrunning.tribalt.agency\/?product_cat=nutrition\"><img loading=\"lazy\" decoding=\"async\" src=\"https:\/\/rrunning.tribalt.agency\/wp-content\/uploads\/woocommerce-placeholder.png\" alt=\"Nutrition\" width=\"300\" height=\"300\" \/>\t\t<h2 class=\"woocommerce-loop-category__title\">\n\t\t\tNutrition <mark class=\"count\">(196)<\/mark>\t\t<\/h2>\n\t\t<\/a><\/li>\n<li class=\"product-category product first\">\n\t<a aria-label=\"Acc\u00e9der \u00e0 la cat\u00e9gorie de produits Non class\u00e9\" href=\"https:\/\/rrunning.tribalt.agency\/?product_cat=non-classe\"><img loading=\"lazy\" decoding=\"async\" src=\"https:\/\/rrunning.tribalt.agency\/wp-content\/uploads\/woocommerce-placeholder.png\" alt=\"Non class\u00e9\" width=\"300\" height=\"300\" \/>\t\t<h2 class=\"woocommerce-loop-category__title\">\n\t\t\tNon class\u00e9 <mark class=\"count\">(6)<\/mark>\t\t<\/h2>\n\t\t<\/a><\/li>\n<li class=\"product-category product\">\n\t<a aria-label=\"Acc\u00e9der \u00e0 la cat\u00e9gorie de produits \u00c9lectronique\" href=\"https:\/\/rrunning.tribalt.agency\/?product_cat=electronique\"><img loading=\"lazy\" decoding=\"async\" src=\"https:\/\/rrunning.tribalt.agency\/wp-content\/uploads\/woocommerce-placeholder.png\" alt=\"\u00c9lectronique\" width=\"300\" height=\"300\" \/>\t\t<h2 class=\"woocommerce-loop-category__title\">\n\t\t\t\u00c9lectronique <mark class=\"count\">(48)<\/mark>\t\t<\/h2>\n\t\t<\/a><\/li>\n<\/ul>\n<\/div>\t\t\t\t<\/div>\n\t\t\t\t\t<\/div>\n\t\t\t\t<\/div>\n\t\t\t\t<\/div>\n\t\t","protected":false},"excerpt":{"rendered":"","protected":false},"author":1,"featured_media":0,"parent":0,"menu_order":0,"comment_status":"closed","ping_status":"closed","template":"","meta":{"footnotes":""},"class_list":["post-1144","page","type-page","status-publish","hentry"],"_links":{"self":[{"href":"https:\/\/rrunning.tribalt.agency\/index.php?rest_route=\/wp\/v2\/pages\/1144","targetHints":{"allow":["GET"]}}],"collection":[{"href":"https:\/\/rrunning.tribalt.agency\/index.php?rest_route=\/wp\/v2\/pages"}],"about":[{"href":"https:\/\/rrunning.tribalt.agency\/index.php?rest_route=\/wp\/v2\/types\/page"}],"author":[{"embeddable":true,"href":"https:\/\/rrunning.tribalt.agency\/index.php?rest_route=\/wp\/v2\/users\/1"}],"replies":[{"embeddable":true,"href":"https:\/\/rrunning.tribalt.agency\/index.php?rest_route=%2Fwp%2Fv2%2Fcomments&post=1144"}],"version-history":[{"count":7,"href":"https:\/\/rrunning.tribalt.agency\/index.php?rest_route=\/wp\/v2\/pages\/1144\/revisions"}],"predecessor-version":[{"id":1152,"href":"https:\/\/rrunning.tribalt.agency\/index.php?rest_route=\/wp\/v2\/pages\/1144\/revisions\/1152"}],"wp:attachment":[{"href":"https:\/\/rrunning.tribalt.agency\/index.php?rest_route=%2Fwp%2Fv2%2Fmedia&parent=1144"}],"curies":[{"name":"wp","href":"https:\/\/api.w.org\/{rel}","templated":true}]}}