{"id":1003,"date":"2025-06-06T10:38:28","date_gmt":"2025-06-06T08:38:28","guid":{"rendered":"https:\/\/rrunning.tribalt.agency\/?page_id=1003"},"modified":"2025-09-02T14:18:17","modified_gmt":"2025-09-02T12:18:17","slug":"notre-boutique","status":"publish","type":"page","link":"https:\/\/rrunning.tribalt.agency\/?page_id=1003","title":{"rendered":"Notre boutique"},"content":{"rendered":"\t\t<div data-elementor-type=\"wp-page\" data-elementor-id=\"1003\" class=\"elementor elementor-1003\" data-elementor-post-type=\"page\">\n\t\t\t\t<div class=\"elementor-element elementor-element-1c3c160 e-flex e-con-boxed e-con e-parent\" data-id=\"1c3c160\" data-element_type=\"container\">\n\t\t\t\t\t<div class=\"e-con-inner\">\n\t\t\t\t<div class=\"elementor-element elementor-element-1498812 elementor-widget elementor-widget-text-editor\" data-id=\"1498812\" data-element_type=\"widget\" data-widget_type=\"text-editor.default\">\n\t\t\t\t\t\t\t\t\t<p>Avec l\u2019appui et l\u2019exp\u00e9rience de Laurent Galinier , pr\u00e9sident de la Franchise Rrunning, nous avons lanc\u00e9 notre magasin Rrunning Cycle Passion. Le slogan de la franchise Rrunning \u00ab \u00eatre sp\u00e9cialiste ne s\u2019invente pas \u00bb est le fil conducteur de l\u2019histoire que l\u2019on \u00e9crit en famille.<\/p>\t\t\t\t\t\t\t\t<\/div>\n\t\t\t\t\t<\/div>\n\t\t\t\t<\/div>\n\t\t<div class=\"elementor-element elementor-element-3aea37d e-flex e-con-boxed e-con e-parent\" data-id=\"3aea37d\" data-element_type=\"container\">\n\t\t\t\t\t<div class=\"e-con-inner\">\n\t\t<div class=\"elementor-element elementor-element-5199d22 e-con-full e-flex e-con e-child\" data-id=\"5199d22\" data-element_type=\"container\">\n\t\t\t\t<div class=\"elementor-element elementor-element-2a6633b elementor-widget elementor-widget-image\" data-id=\"2a6633b\" data-element_type=\"widget\" data-widget_type=\"image.default\">\n\t\t\t\t\t\t\t\t\t\t\t\t\t\t\t<img fetchpriority=\"high\" decoding=\"async\" width=\"768\" height=\"1024\" src=\"https:\/\/rrunning.tribalt.agency\/wp-content\/uploads\/2025\/07\/lopez-768x1024.jpg\" class=\"attachment-large size-large wp-image-2369\" alt=\"\" srcset=\"https:\/\/rrunning.tribalt.agency\/wp-content\/uploads\/2025\/07\/lopez-768x1024.jpg 768w, https:\/\/rrunning.tribalt.agency\/wp-content\/uploads\/2025\/07\/lopez-225x300.jpg 225w, https:\/\/rrunning.tribalt.agency\/wp-content\/uploads\/2025\/07\/lopez-1152x1536.jpg 1152w, https:\/\/rrunning.tribalt.agency\/wp-content\/uploads\/2025\/07\/lopez-600x800.jpg 600w, https:\/\/rrunning.tribalt.agency\/wp-content\/uploads\/2025\/07\/lopez.jpg 1536w\" sizes=\"(max-width: 768px) 100vw, 768px\" \/>\t\t\t\t\t\t\t\t\t\t\t\t\t\t\t<\/div>\n\t\t\t\t<\/div>\n\t\t<div class=\"elementor-element elementor-element-d233677 e-con-full e-flex e-con e-child\" data-id=\"d233677\" data-element_type=\"container\">\n\t\t\t\t<div class=\"elementor-element elementor-element-8115033 elementor-widget elementor-widget-image\" data-id=\"8115033\" data-element_type=\"widget\" data-widget_type=\"image.default\">\n\t\t\t\t\t\t\t\t\t\t\t\t\t\t\t<img decoding=\"async\" width=\"350\" height=\"350\" src=\"https:\/\/rrunning.tribalt.agency\/wp-content\/uploads\/2025\/06\/pngegg-3.png\" class=\"attachment-large size-large wp-image-1045\" alt=\"\" srcset=\"https:\/\/rrunning.tribalt.agency\/wp-content\/uploads\/2025\/06\/pngegg-3.png 350w, https:\/\/rrunning.tribalt.agency\/wp-content\/uploads\/2025\/06\/pngegg-3-300x300.png 300w, https:\/\/rrunning.tribalt.agency\/wp-content\/uploads\/2025\/06\/pngegg-3-150x150.png 150w, https:\/\/rrunning.tribalt.agency\/wp-content\/uploads\/2025\/06\/pngegg-3-100x100.png 100w\" sizes=\"(max-width: 350px) 100vw, 350px\" \/>\t\t\t\t\t\t\t\t\t\t\t\t\t\t\t<\/div>\n\t\t\t\t<div class=\"elementor-element elementor-element-d78e442 elementor-widget elementor-widget-text-editor\" data-id=\"d78e442\" data-element_type=\"widget\" data-widget_type=\"text-editor.default\">\n\t\t\t\t\t\t\t\t\t<p>\u00ab J\u2019ai pratiqu\u00e9 la comp\u00e9tition \u00e0 haut niveau en VTT (coupe de France, championnat de France, coupe du monde) pendant plusieurs ann\u00e9es. Le v\u00e9lo est ma passion et j\u2019ai d\u00e9cid\u00e9 de travailler dans un secteur o\u00f9 les pneus, cha\u00eenes, freins, d\u00e9railleurs n\u2019ont aucun secret pour moi. <br \/>J\u2019ai fait une formation de gestionnaire commercial avec une sp\u00e9cialisation v\u00e9lo ainsi qu\u2019une formation de technicien cycle toujours en gardant en t\u00eate ce projet de magasin. Je veux d\u00e9sormais partager ma passion et mes comp\u00e9tences avec vous \u00bb<\/p>\t\t\t\t\t\t\t\t<\/div>\n\t\t\t\t<div class=\"elementor-element elementor-element-ab88254 elementor-widget elementor-widget-text-editor\" data-id=\"ab88254\" data-element_type=\"widget\" data-widget_type=\"text-editor.default\">\n\t\t\t\t\t\t\t\t\t<p>Florian<\/p>\t\t\t\t\t\t\t\t<\/div>\n\t\t\t\t<\/div>\n\t\t\t\t\t<\/div>\n\t\t\t\t<\/div>\n\t\t<div class=\"elementor-element elementor-element-5c30226 e-flex e-con-boxed e-con e-parent\" data-id=\"5c30226\" data-element_type=\"container\" data-settings=\"{&quot;background_background&quot;:&quot;classic&quot;}\">\n\t\t\t\t\t<div class=\"e-con-inner\">\n\t\t<div class=\"elementor-element elementor-element-8b7a8d5 e-con-full e-flex e-con e-child\" data-id=\"8b7a8d5\" data-element_type=\"container\">\n\t\t\t\t<div class=\"elementor-element elementor-element-7c4045f elementor-widget elementor-widget-image\" data-id=\"7c4045f\" data-element_type=\"widget\" data-widget_type=\"image.default\">\n\t\t\t\t\t\t\t\t\t\t\t\t\t\t\t<img decoding=\"async\" width=\"350\" height=\"350\" src=\"https:\/\/rrunning.tribalt.agency\/wp-content\/uploads\/2025\/06\/pngegg-3.png\" class=\"attachment-large size-large wp-image-1045\" alt=\"\" srcset=\"https:\/\/rrunning.tribalt.agency\/wp-content\/uploads\/2025\/06\/pngegg-3.png 350w, https:\/\/rrunning.tribalt.agency\/wp-content\/uploads\/2025\/06\/pngegg-3-300x300.png 300w, https:\/\/rrunning.tribalt.agency\/wp-content\/uploads\/2025\/06\/pngegg-3-150x150.png 150w, https:\/\/rrunning.tribalt.agency\/wp-content\/uploads\/2025\/06\/pngegg-3-100x100.png 100w\" sizes=\"(max-width: 350px) 100vw, 350px\" \/>\t\t\t\t\t\t\t\t\t\t\t\t\t\t\t<\/div>\n\t\t\t\t<div class=\"elementor-element elementor-element-404c212 elementor-widget elementor-widget-text-editor\" data-id=\"404c212\" data-element_type=\"widget\" data-widget_type=\"text-editor.default\">\n\t\t\t\t\t\t\t\t\t<p>\u00ab Je fais de la course \u00e0 pied en comp\u00e9tition depuis quelques ann\u00e9es maintenant. J\u2019ai d\u00e9j\u00e0 eu plusieurs exp\u00e9riences dans le commerce. Durant mon parcours professionnel, j\u2019ai rencontr\u00e9 des personnes qui m\u2019ont beaucoup appris et m\u2019ont surtout donn\u00e9 l\u2019envie de me lancer pleinement dans la vente de produits de running. <br \/>Je suis tr\u00e8s motiv\u00e9e \u00e0 l\u2019id\u00e9e de vous conseiller au mieux dans notre magasin pour allier performance ou loisir avec confort. \u00bb<\/p>\t\t\t\t\t\t\t\t<\/div>\n\t\t\t\t<div class=\"elementor-element elementor-element-0485f40 elementor-widget elementor-widget-text-editor\" data-id=\"0485f40\" data-element_type=\"widget\" data-widget_type=\"text-editor.default\">\n\t\t\t\t\t\t\t\t\t<p>Fabienne<\/p>\t\t\t\t\t\t\t\t<\/div>\n\t\t\t\t<\/div>\n\t\t<div class=\"elementor-element elementor-element-d2955ab e-con-full e-flex e-con e-child\" data-id=\"d2955ab\" data-element_type=\"container\">\n\t\t\t\t<div class=\"elementor-element elementor-element-027139a elementor-widget elementor-widget-image\" data-id=\"027139a\" data-element_type=\"widget\" data-widget_type=\"image.default\">\n\t\t\t\t\t\t\t\t\t\t\t\t\t\t\t<img decoding=\"async\" width=\"767\" height=\"1024\" src=\"https:\/\/rrunning.tribalt.agency\/wp-content\/uploads\/2025\/07\/fabienne-767x1024.jpg\" class=\"attachment-large size-large wp-image-2370\" alt=\"\" srcset=\"https:\/\/rrunning.tribalt.agency\/wp-content\/uploads\/2025\/07\/fabienne-767x1024.jpg 767w, https:\/\/rrunning.tribalt.agency\/wp-content\/uploads\/2025\/07\/fabienne-225x300.jpg 225w, https:\/\/rrunning.tribalt.agency\/wp-content\/uploads\/2025\/07\/fabienne-768x1025.jpg 768w, https:\/\/rrunning.tribalt.agency\/wp-content\/uploads\/2025\/07\/fabienne-1151x1536.jpg 1151w, https:\/\/rrunning.tribalt.agency\/wp-content\/uploads\/2025\/07\/fabienne-600x801.jpg 600w, https:\/\/rrunning.tribalt.agency\/wp-content\/uploads\/2025\/07\/fabienne.jpg 1534w\" sizes=\"(max-width: 767px) 100vw, 767px\" \/>\t\t\t\t\t\t\t\t\t\t\t\t\t\t\t<\/div>\n\t\t\t\t<\/div>\n\t\t\t\t\t<\/div>\n\t\t\t\t<\/div>\n\t\t<div class=\"elementor-element elementor-element-cab5923 e-flex e-con-boxed e-con e-parent\" data-id=\"cab5923\" data-element_type=\"container\">\n\t\t\t\t\t<div class=\"e-con-inner\">\n\t\t<div class=\"elementor-element elementor-element-5728a90 e-con-full e-flex e-con e-child\" data-id=\"5728a90\" data-element_type=\"container\">\n\t\t\t\t<div class=\"elementor-element elementor-element-8302b23 elementor-widget elementor-widget-image\" data-id=\"8302b23\" data-element_type=\"widget\" data-widget_type=\"image.default\">\n\t\t\t\t\t\t\t\t\t\t\t\t\t\t\t<img loading=\"lazy\" decoding=\"async\" width=\"768\" height=\"1024\" src=\"https:\/\/rrunning.tribalt.agency\/wp-content\/uploads\/2025\/07\/gerard-768x1024.jpg\" class=\"attachment-large size-large wp-image-2371\" alt=\"\" srcset=\"https:\/\/rrunning.tribalt.agency\/wp-content\/uploads\/2025\/07\/gerard-768x1025.jpg 768w, https:\/\/rrunning.tribalt.agency\/wp-content\/uploads\/2025\/07\/gerard-225x300.jpg 225w, https:\/\/rrunning.tribalt.agency\/wp-content\/uploads\/2025\/07\/gerard-1151x1536.jpg 1151w, https:\/\/rrunning.tribalt.agency\/wp-content\/uploads\/2025\/07\/gerard-600x801.jpg 600w, https:\/\/rrunning.tribalt.agency\/wp-content\/uploads\/2025\/07\/gerard.jpg 1535w\" sizes=\"(max-width: 768px) 100vw, 768px\" \/>\t\t\t\t\t\t\t\t\t\t\t\t\t\t\t<\/div>\n\t\t\t\t<\/div>\n\t\t<div class=\"elementor-element elementor-element-d0b00e0 e-con-full e-flex e-con e-child\" data-id=\"d0b00e0\" data-element_type=\"container\">\n\t\t\t\t<div class=\"elementor-element elementor-element-a0a1fcb elementor-widget elementor-widget-image\" data-id=\"a0a1fcb\" data-element_type=\"widget\" data-widget_type=\"image.default\">\n\t\t\t\t\t\t\t\t\t\t\t\t\t\t\t<img decoding=\"async\" width=\"350\" height=\"350\" src=\"https:\/\/rrunning.tribalt.agency\/wp-content\/uploads\/2025\/06\/pngegg-3.png\" class=\"attachment-large size-large wp-image-1045\" alt=\"\" srcset=\"https:\/\/rrunning.tribalt.agency\/wp-content\/uploads\/2025\/06\/pngegg-3.png 350w, https:\/\/rrunning.tribalt.agency\/wp-content\/uploads\/2025\/06\/pngegg-3-300x300.png 300w, https:\/\/rrunning.tribalt.agency\/wp-content\/uploads\/2025\/06\/pngegg-3-150x150.png 150w, https:\/\/rrunning.tribalt.agency\/wp-content\/uploads\/2025\/06\/pngegg-3-100x100.png 100w\" sizes=\"(max-width: 350px) 100vw, 350px\" \/>\t\t\t\t\t\t\t\t\t\t\t\t\t\t\t<\/div>\n\t\t\t\t<div class=\"elementor-element elementor-element-1b9a9a9 elementor-widget elementor-widget-text-editor\" data-id=\"1b9a9a9\" data-element_type=\"widget\" data-widget_type=\"text-editor.default\">\n\t\t\t\t\t\t\t\t\t<p>\u00ab J\u2019ai baign\u00e9 depuis tr\u00e8s jeunes dans un environnement sportif autour de deux univers : la course \u00e0 pied et le v\u00e9lo. Un temps spectateur, un temps acteur avec une pratique r\u00e9guli\u00e8re et intensive dans un esprit tr\u00e8s comp\u00e9titif, il \u00e9tait enfin venu le temps de transmettre cette passion. La transmission s\u2019est d\u2019abord faite dans le cercle familial avec mon fils. Puis, sur le terrain aupr\u00e8s d\u2019athl\u00e8tes runners, cyclistes, triathl\u00e8tes en tant que coach pour les jeunes et les adultes, avec \u00e9galement une forte implication dans l\u2019\u00e9v\u00e8nementiel sportif. L\u2019id\u00e9e d\u2019un magasin de course \u00e0 pied et de v\u00e9lo sommeill\u00e9 depuis des ann\u00e9es. L\u2019ambition de Florian de voler de ses propres ailes et la rencontre avec Fabienne ont boost\u00e9 le projet. \u00bb<\/p>\t\t\t\t\t\t\t\t<\/div>\n\t\t\t\t<div class=\"elementor-element elementor-element-9b6a90a elementor-widget elementor-widget-text-editor\" data-id=\"9b6a90a\" data-element_type=\"widget\" data-widget_type=\"text-editor.default\">\n\t\t\t\t\t\t\t\t\tG\u00e9rard\t\t\t\t\t\t\t\t<\/div>\n\t\t\t\t<\/div>\n\t\t\t\t\t<\/div>\n\t\t\t\t<\/div>\n\t\t\t\t<\/div>\n\t\t","protected":false},"excerpt":{"rendered":"<p>Avec l\u2019appui et l\u2019exp\u00e9rience de Laurent Galinier , pr\u00e9sident de la Franchise Rrunning, nous avons lanc\u00e9 notre magasin Rrunning Cycle Passion. Le slogan de la franchise Rrunning \u00ab \u00eatre sp\u00e9cialiste ne s\u2019invente pas \u00bb est le fil conducteur de l\u2019histoire que l\u2019on \u00e9crit en famille. \u00ab J\u2019ai pratiqu\u00e9 la comp\u00e9tition \u00e0 haut niveau en VTT [&hellip;]<\/p>\n","protected":false},"author":1,"featured_media":0,"parent":0,"menu_order":0,"comment_status":"closed","ping_status":"closed","template":"","meta":{"footnotes":""},"class_list":["post-1003","page","type-page","status-publish","hentry"],"_links":{"self":[{"href":"https:\/\/rrunning.tribalt.agency\/index.php?rest_route=\/wp\/v2\/pages\/1003","targetHints":{"allow":["GET"]}}],"collection":[{"href":"https:\/\/rrunning.tribalt.agency\/index.php?rest_route=\/wp\/v2\/pages"}],"about":[{"href":"https:\/\/rrunning.tribalt.agency\/index.php?rest_route=\/wp\/v2\/types\/page"}],"author":[{"embeddable":true,"href":"https:\/\/rrunning.tribalt.agency\/index.php?rest_route=\/wp\/v2\/users\/1"}],"replies":[{"embeddable":true,"href":"https:\/\/rrunning.tribalt.agency\/index.php?rest_route=%2Fwp%2Fv2%2Fcomments&post=1003"}],"version-history":[{"count":49,"href":"https:\/\/rrunning.tribalt.agency\/index.php?rest_route=\/wp\/v2\/pages\/1003\/revisions"}],"predecessor-version":[{"id":3305,"href":"https:\/\/rrunning.tribalt.agency\/index.php?rest_route=\/wp\/v2\/pages\/1003\/revisions\/3305"}],"wp:attachment":[{"href":"https:\/\/rrunning.tribalt.agency\/index.php?rest_route=%2Fwp%2Fv2%2Fmedia&parent=1003"}],"curies":[{"name":"wp","href":"https:\/\/api.w.org\/{rel}","templated":true}]}}